{"id":4646,"date":"2025-01-12T14:49:01","date_gmt":"2025-01-12T14:49:01","guid":{"rendered":"https:\/\/soolateii.com\/?post_type=product&#038;p=4646"},"modified":"2025-01-15T15:57:38","modified_gmt":"2025-01-15T15:57:38","slug":"bridal-tiara-wedding-crown-hair-accessories","status":"publish","type":"product","link":"https:\/\/soolateii.com\/fr\/produit\/bridal-tiara-wedding-crown-hair-accessories\/","title":{"rendered":"Diad\u00e8me de mariage Couronne de mariage Accessoires de cheveux Diad\u00e8me Coiffure"},"content":{"rendered":"<p><img fetchpriority=\"high\" decoding=\"async\" class=\"aligncenter size-full wp-image-4642\" src=\"http:\/\/soolateii.com\/wp-content\/uploads\/2025\/01\/Sae6ba5ca52274a79a4b0f402454d3102f.avif.jpg\" alt=\"\" width=\"1000\" height=\"1000\" srcset=\"https:\/\/soolateii.com\/wp-content\/uploads\/2025\/01\/Sae6ba5ca52274a79a4b0f402454d3102f.avif.jpg 1000w, https:\/\/soolateii.com\/wp-content\/uploads\/2025\/01\/Sae6ba5ca52274a79a4b0f402454d3102f.avif-300x300.jpg 300w, https:\/\/soolateii.com\/wp-content\/uploads\/2025\/01\/Sae6ba5ca52274a79a4b0f402454d3102f.avif-150x150.jpg 150w, https:\/\/soolateii.com\/wp-content\/uploads\/2025\/01\/Sae6ba5ca52274a79a4b0f402454d3102f.avif-768x768.jpg 768w, https:\/\/soolateii.com\/wp-content\/uploads\/2025\/01\/Sae6ba5ca52274a79a4b0f402454d3102f.avif-12x12.jpg 12w, https:\/\/soolateii.com\/wp-content\/uploads\/2025\/01\/Sae6ba5ca52274a79a4b0f402454d3102f.avif-370x370.jpg 370w, https:\/\/soolateii.com\/wp-content\/uploads\/2025\/01\/Sae6ba5ca52274a79a4b0f402454d3102f.avif-600x600.jpg 600w, https:\/\/soolateii.com\/wp-content\/uploads\/2025\/01\/Sae6ba5ca52274a79a4b0f402454d3102f.avif-100x100.jpg 100w, https:\/\/soolateii.com\/wp-content\/uploads\/2025\/01\/Sae6ba5ca52274a79a4b0f402454d3102f.avif-50x50.jpg 50w, https:\/\/soolateii.com\/wp-content\/uploads\/2025\/01\/Sae6ba5ca52274a79a4b0f402454d3102f.avif-40x40.jpg 40w\" sizes=\"(max-width: 1000px) 100vw, 1000px\" \/> <img decoding=\"async\" class=\"aligncenter size-full wp-image-4641 lazyload\" data-src=\"http:\/\/soolateii.com\/wp-content\/uploads\/2025\/01\/S301c01ff7e944e088dccd036fafdfb64B.avif.jpg\" alt=\"\" width=\"1000\" height=\"1000\" data-srcset=\"https:\/\/soolateii.com\/wp-content\/uploads\/2025\/01\/S301c01ff7e944e088dccd036fafdfb64B.avif.jpg 1000w, https:\/\/soolateii.com\/wp-content\/uploads\/2025\/01\/S301c01ff7e944e088dccd036fafdfb64B.avif-300x300.jpg 300w, https:\/\/soolateii.com\/wp-content\/uploads\/2025\/01\/S301c01ff7e944e088dccd036fafdfb64B.avif-150x150.jpg 150w, https:\/\/soolateii.com\/wp-content\/uploads\/2025\/01\/S301c01ff7e944e088dccd036fafdfb64B.avif-768x768.jpg 768w, https:\/\/soolateii.com\/wp-content\/uploads\/2025\/01\/S301c01ff7e944e088dccd036fafdfb64B.avif-12x12.jpg 12w, https:\/\/soolateii.com\/wp-content\/uploads\/2025\/01\/S301c01ff7e944e088dccd036fafdfb64B.avif-370x370.jpg 370w, https:\/\/soolateii.com\/wp-content\/uploads\/2025\/01\/S301c01ff7e944e088dccd036fafdfb64B.avif-600x600.jpg 600w, https:\/\/soolateii.com\/wp-content\/uploads\/2025\/01\/S301c01ff7e944e088dccd036fafdfb64B.avif-100x100.jpg 100w, https:\/\/soolateii.com\/wp-content\/uploads\/2025\/01\/S301c01ff7e944e088dccd036fafdfb64B.avif-50x50.jpg 50w, https:\/\/soolateii.com\/wp-content\/uploads\/2025\/01\/S301c01ff7e944e088dccd036fafdfb64B.avif-40x40.jpg 40w\" data-sizes=\"(max-width: 1000px) 100vw, 1000px\" src=\"data:image\/gif;base64,R0lGODlhAQABAAAAACH5BAEKAAEALAAAAAABAAEAAAICTAEAOw==\" style=\"--smush-placeholder-width: 1000px; --smush-placeholder-aspect-ratio: 1000\/1000;\" \/><noscript><img decoding=\"async\" class=\"aligncenter size-full wp-image-4641\" src=\"http:\/\/soolateii.com\/wp-content\/uploads\/2025\/01\/S301c01ff7e944e088dccd036fafdfb64B.avif.jpg\" alt=\"\" width=\"1000\" height=\"1000\" srcset=\"https:\/\/soolateii.com\/wp-content\/uploads\/2025\/01\/S301c01ff7e944e088dccd036fafdfb64B.avif.jpg 1000w, https:\/\/soolateii.com\/wp-content\/uploads\/2025\/01\/S301c01ff7e944e088dccd036fafdfb64B.avif-300x300.jpg 300w, https:\/\/soolateii.com\/wp-content\/uploads\/2025\/01\/S301c01ff7e944e088dccd036fafdfb64B.avif-150x150.jpg 150w, https:\/\/soolateii.com\/wp-content\/uploads\/2025\/01\/S301c01ff7e944e088dccd036fafdfb64B.avif-768x768.jpg 768w, https:\/\/soolateii.com\/wp-content\/uploads\/2025\/01\/S301c01ff7e944e088dccd036fafdfb64B.avif-12x12.jpg 12w, https:\/\/soolateii.com\/wp-content\/uploads\/2025\/01\/S301c01ff7e944e088dccd036fafdfb64B.avif-370x370.jpg 370w, https:\/\/soolateii.com\/wp-content\/uploads\/2025\/01\/S301c01ff7e944e088dccd036fafdfb64B.avif-600x600.jpg 600w, https:\/\/soolateii.com\/wp-content\/uploads\/2025\/01\/S301c01ff7e944e088dccd036fafdfb64B.avif-100x100.jpg 100w, https:\/\/soolateii.com\/wp-content\/uploads\/2025\/01\/S301c01ff7e944e088dccd036fafdfb64B.avif-50x50.jpg 50w, https:\/\/soolateii.com\/wp-content\/uploads\/2025\/01\/S301c01ff7e944e088dccd036fafdfb64B.avif-40x40.jpg 40w\" sizes=\"(max-width: 1000px) 100vw, 1000px\" \/><\/noscript> <img decoding=\"async\" class=\"aligncenter size-full wp-image-4640 lazyload\" data-src=\"http:\/\/soolateii.com\/wp-content\/uploads\/2025\/01\/S5f82a84ddfa74553ad2ea282674a4f86X.avif.jpg\" alt=\"\" width=\"1000\" height=\"1000\" data-srcset=\"https:\/\/soolateii.com\/wp-content\/uploads\/2025\/01\/S5f82a84ddfa74553ad2ea282674a4f86X.avif.jpg 1000w, https:\/\/soolateii.com\/wp-content\/uploads\/2025\/01\/S5f82a84ddfa74553ad2ea282674a4f86X.avif-300x300.jpg 300w, https:\/\/soolateii.com\/wp-content\/uploads\/2025\/01\/S5f82a84ddfa74553ad2ea282674a4f86X.avif-150x150.jpg 150w, https:\/\/soolateii.com\/wp-content\/uploads\/2025\/01\/S5f82a84ddfa74553ad2ea282674a4f86X.avif-768x768.jpg 768w, https:\/\/soolateii.com\/wp-content\/uploads\/2025\/01\/S5f82a84ddfa74553ad2ea282674a4f86X.avif-12x12.jpg 12w, https:\/\/soolateii.com\/wp-content\/uploads\/2025\/01\/S5f82a84ddfa74553ad2ea282674a4f86X.avif-370x370.jpg 370w, https:\/\/soolateii.com\/wp-content\/uploads\/2025\/01\/S5f82a84ddfa74553ad2ea282674a4f86X.avif-600x600.jpg 600w, https:\/\/soolateii.com\/wp-content\/uploads\/2025\/01\/S5f82a84ddfa74553ad2ea282674a4f86X.avif-100x100.jpg 100w, https:\/\/soolateii.com\/wp-content\/uploads\/2025\/01\/S5f82a84ddfa74553ad2ea282674a4f86X.avif-50x50.jpg 50w, https:\/\/soolateii.com\/wp-content\/uploads\/2025\/01\/S5f82a84ddfa74553ad2ea282674a4f86X.avif-40x40.jpg 40w\" data-sizes=\"(max-width: 1000px) 100vw, 1000px\" src=\"data:image\/gif;base64,R0lGODlhAQABAAAAACH5BAEKAAEALAAAAAABAAEAAAICTAEAOw==\" style=\"--smush-placeholder-width: 1000px; --smush-placeholder-aspect-ratio: 1000\/1000;\" \/><noscript><img decoding=\"async\" class=\"aligncenter size-full wp-image-4640\" src=\"http:\/\/soolateii.com\/wp-content\/uploads\/2025\/01\/S5f82a84ddfa74553ad2ea282674a4f86X.avif.jpg\" alt=\"\" width=\"1000\" height=\"1000\" srcset=\"https:\/\/soolateii.com\/wp-content\/uploads\/2025\/01\/S5f82a84ddfa74553ad2ea282674a4f86X.avif.jpg 1000w, https:\/\/soolateii.com\/wp-content\/uploads\/2025\/01\/S5f82a84ddfa74553ad2ea282674a4f86X.avif-300x300.jpg 300w, https:\/\/soolateii.com\/wp-content\/uploads\/2025\/01\/S5f82a84ddfa74553ad2ea282674a4f86X.avif-150x150.jpg 150w, https:\/\/soolateii.com\/wp-content\/uploads\/2025\/01\/S5f82a84ddfa74553ad2ea282674a4f86X.avif-768x768.jpg 768w, https:\/\/soolateii.com\/wp-content\/uploads\/2025\/01\/S5f82a84ddfa74553ad2ea282674a4f86X.avif-12x12.jpg 12w, https:\/\/soolateii.com\/wp-content\/uploads\/2025\/01\/S5f82a84ddfa74553ad2ea282674a4f86X.avif-370x370.jpg 370w, https:\/\/soolateii.com\/wp-content\/uploads\/2025\/01\/S5f82a84ddfa74553ad2ea282674a4f86X.avif-600x600.jpg 600w, https:\/\/soolateii.com\/wp-content\/uploads\/2025\/01\/S5f82a84ddfa74553ad2ea282674a4f86X.avif-100x100.jpg 100w, https:\/\/soolateii.com\/wp-content\/uploads\/2025\/01\/S5f82a84ddfa74553ad2ea282674a4f86X.avif-50x50.jpg 50w, https:\/\/soolateii.com\/wp-content\/uploads\/2025\/01\/S5f82a84ddfa74553ad2ea282674a4f86X.avif-40x40.jpg 40w\" sizes=\"(max-width: 1000px) 100vw, 1000px\" \/><\/noscript> <img loading=\"lazy\" decoding=\"async\" class=\"aligncenter size-full wp-image-4639 lazyload\" data-src=\"http:\/\/soolateii.com\/wp-content\/uploads\/2025\/01\/Se77d705e923c4491be2958779cc6bb62h.avif.jpg\" alt=\"\" width=\"1000\" height=\"1000\" data-srcset=\"https:\/\/soolateii.com\/wp-content\/uploads\/2025\/01\/Se77d705e923c4491be2958779cc6bb62h.avif.jpg 1000w, https:\/\/soolateii.com\/wp-content\/uploads\/2025\/01\/Se77d705e923c4491be2958779cc6bb62h.avif-300x300.jpg 300w, https:\/\/soolateii.com\/wp-content\/uploads\/2025\/01\/Se77d705e923c4491be2958779cc6bb62h.avif-150x150.jpg 150w, https:\/\/soolateii.com\/wp-content\/uploads\/2025\/01\/Se77d705e923c4491be2958779cc6bb62h.avif-768x768.jpg 768w, https:\/\/soolateii.com\/wp-content\/uploads\/2025\/01\/Se77d705e923c4491be2958779cc6bb62h.avif-12x12.jpg 12w, https:\/\/soolateii.com\/wp-content\/uploads\/2025\/01\/Se77d705e923c4491be2958779cc6bb62h.avif-370x370.jpg 370w, https:\/\/soolateii.com\/wp-content\/uploads\/2025\/01\/Se77d705e923c4491be2958779cc6bb62h.avif-600x600.jpg 600w, https:\/\/soolateii.com\/wp-content\/uploads\/2025\/01\/Se77d705e923c4491be2958779cc6bb62h.avif-100x100.jpg 100w, https:\/\/soolateii.com\/wp-content\/uploads\/2025\/01\/Se77d705e923c4491be2958779cc6bb62h.avif-50x50.jpg 50w, https:\/\/soolateii.com\/wp-content\/uploads\/2025\/01\/Se77d705e923c4491be2958779cc6bb62h.avif-40x40.jpg 40w\" data-sizes=\"(max-width: 1000px) 100vw, 1000px\" src=\"data:image\/gif;base64,R0lGODlhAQABAAAAACH5BAEKAAEALAAAAAABAAEAAAICTAEAOw==\" style=\"--smush-placeholder-width: 1000px; --smush-placeholder-aspect-ratio: 1000\/1000;\" \/><noscript><img loading=\"lazy\" decoding=\"async\" class=\"aligncenter size-full wp-image-4639\" src=\"http:\/\/soolateii.com\/wp-content\/uploads\/2025\/01\/Se77d705e923c4491be2958779cc6bb62h.avif.jpg\" alt=\"\" width=\"1000\" height=\"1000\" srcset=\"https:\/\/soolateii.com\/wp-content\/uploads\/2025\/01\/Se77d705e923c4491be2958779cc6bb62h.avif.jpg 1000w, https:\/\/soolateii.com\/wp-content\/uploads\/2025\/01\/Se77d705e923c4491be2958779cc6bb62h.avif-300x300.jpg 300w, https:\/\/soolateii.com\/wp-content\/uploads\/2025\/01\/Se77d705e923c4491be2958779cc6bb62h.avif-150x150.jpg 150w, https:\/\/soolateii.com\/wp-content\/uploads\/2025\/01\/Se77d705e923c4491be2958779cc6bb62h.avif-768x768.jpg 768w, https:\/\/soolateii.com\/wp-content\/uploads\/2025\/01\/Se77d705e923c4491be2958779cc6bb62h.avif-12x12.jpg 12w, https:\/\/soolateii.com\/wp-content\/uploads\/2025\/01\/Se77d705e923c4491be2958779cc6bb62h.avif-370x370.jpg 370w, https:\/\/soolateii.com\/wp-content\/uploads\/2025\/01\/Se77d705e923c4491be2958779cc6bb62h.avif-600x600.jpg 600w, https:\/\/soolateii.com\/wp-content\/uploads\/2025\/01\/Se77d705e923c4491be2958779cc6bb62h.avif-100x100.jpg 100w, https:\/\/soolateii.com\/wp-content\/uploads\/2025\/01\/Se77d705e923c4491be2958779cc6bb62h.avif-50x50.jpg 50w, https:\/\/soolateii.com\/wp-content\/uploads\/2025\/01\/Se77d705e923c4491be2958779cc6bb62h.avif-40x40.jpg 40w\" sizes=\"(max-width: 1000px) 100vw, 1000px\" \/><\/noscript> <img loading=\"lazy\" decoding=\"async\" class=\"aligncenter size-full wp-image-4638 lazyload\" data-src=\"http:\/\/soolateii.com\/wp-content\/uploads\/2025\/01\/Sb564b108b9a04f20840278ff10317382b.avif.jpg\" alt=\"\" width=\"1000\" height=\"1000\" data-srcset=\"https:\/\/soolateii.com\/wp-content\/uploads\/2025\/01\/Sb564b108b9a04f20840278ff10317382b.avif.jpg 1000w, https:\/\/soolateii.com\/wp-content\/uploads\/2025\/01\/Sb564b108b9a04f20840278ff10317382b.avif-300x300.jpg 300w, https:\/\/soolateii.com\/wp-content\/uploads\/2025\/01\/Sb564b108b9a04f20840278ff10317382b.avif-150x150.jpg 150w, https:\/\/soolateii.com\/wp-content\/uploads\/2025\/01\/Sb564b108b9a04f20840278ff10317382b.avif-768x768.jpg 768w, https:\/\/soolateii.com\/wp-content\/uploads\/2025\/01\/Sb564b108b9a04f20840278ff10317382b.avif-12x12.jpg 12w, https:\/\/soolateii.com\/wp-content\/uploads\/2025\/01\/Sb564b108b9a04f20840278ff10317382b.avif-370x370.jpg 370w, https:\/\/soolateii.com\/wp-content\/uploads\/2025\/01\/Sb564b108b9a04f20840278ff10317382b.avif-600x600.jpg 600w, https:\/\/soolateii.com\/wp-content\/uploads\/2025\/01\/Sb564b108b9a04f20840278ff10317382b.avif-100x100.jpg 100w, https:\/\/soolateii.com\/wp-content\/uploads\/2025\/01\/Sb564b108b9a04f20840278ff10317382b.avif-50x50.jpg 50w, https:\/\/soolateii.com\/wp-content\/uploads\/2025\/01\/Sb564b108b9a04f20840278ff10317382b.avif-40x40.jpg 40w\" data-sizes=\"(max-width: 1000px) 100vw, 1000px\" src=\"data:image\/gif;base64,R0lGODlhAQABAAAAACH5BAEKAAEALAAAAAABAAEAAAICTAEAOw==\" style=\"--smush-placeholder-width: 1000px; --smush-placeholder-aspect-ratio: 1000\/1000;\" \/><noscript><img loading=\"lazy\" decoding=\"async\" class=\"aligncenter size-full wp-image-4638\" src=\"http:\/\/soolateii.com\/wp-content\/uploads\/2025\/01\/Sb564b108b9a04f20840278ff10317382b.avif.jpg\" alt=\"\" width=\"1000\" height=\"1000\" srcset=\"https:\/\/soolateii.com\/wp-content\/uploads\/2025\/01\/Sb564b108b9a04f20840278ff10317382b.avif.jpg 1000w, https:\/\/soolateii.com\/wp-content\/uploads\/2025\/01\/Sb564b108b9a04f20840278ff10317382b.avif-300x300.jpg 300w, https:\/\/soolateii.com\/wp-content\/uploads\/2025\/01\/Sb564b108b9a04f20840278ff10317382b.avif-150x150.jpg 150w, https:\/\/soolateii.com\/wp-content\/uploads\/2025\/01\/Sb564b108b9a04f20840278ff10317382b.avif-768x768.jpg 768w, https:\/\/soolateii.com\/wp-content\/uploads\/2025\/01\/Sb564b108b9a04f20840278ff10317382b.avif-12x12.jpg 12w, https:\/\/soolateii.com\/wp-content\/uploads\/2025\/01\/Sb564b108b9a04f20840278ff10317382b.avif-370x370.jpg 370w, https:\/\/soolateii.com\/wp-content\/uploads\/2025\/01\/Sb564b108b9a04f20840278ff10317382b.avif-600x600.jpg 600w, https:\/\/soolateii.com\/wp-content\/uploads\/2025\/01\/Sb564b108b9a04f20840278ff10317382b.avif-100x100.jpg 100w, https:\/\/soolateii.com\/wp-content\/uploads\/2025\/01\/Sb564b108b9a04f20840278ff10317382b.avif-50x50.jpg 50w, https:\/\/soolateii.com\/wp-content\/uploads\/2025\/01\/Sb564b108b9a04f20840278ff10317382b.avif-40x40.jpg 40w\" sizes=\"(max-width: 1000px) 100vw, 1000px\" \/><\/noscript><\/p>","protected":false},"excerpt":{"rendered":"<p>Taille : diam\u00e8tre d'environ 15CM, hauteur d'environ 12CM, poids d'environ 220g<\/p>\n<p>Un superbe diad\u00e8me et une couronne de mari\u00e9e, parfaits pour les mariages et les f\u00eates. Cette \u00e9l\u00e9gante coiffure combine bijoux de cheveux et accessoires, avec un design de diad\u00e8me intemporel. Id\u00e9al comme cadeau ou comme couvre-chef pour la mari\u00e9e.<\/p>","protected":false},"featured_media":4642,"comment_status":"open","ping_status":"closed","template":"","meta":[],"product_cat":[15,224],"product_tag":[210],"class_list":{"0":"post-4646","1":"product","2":"type-product","3":"status-publish","4":"has-post-thumbnail","6":"product_brand-soolateii","7":"product_cat-uncategorized","8":"product_cat-crown","9":"product_tag-crown","11":"first","12":"instock","13":"taxable","14":"shipping-taxable","15":"purchasable","16":"product-type-variable","17":"wvs-archive-product-wrapper","18":"col-xs-6 col-sm-4","19":"col-md-3 col-lg-3","20":"un-4-cols"},"_links":{"self":[{"href":"https:\/\/soolateii.com\/fr\/wp-json\/wp\/v2\/product\/4646","targetHints":{"allow":["GET"]}}],"collection":[{"href":"https:\/\/soolateii.com\/fr\/wp-json\/wp\/v2\/product"}],"about":[{"href":"https:\/\/soolateii.com\/fr\/wp-json\/wp\/v2\/types\/product"}],"replies":[{"embeddable":true,"href":"https:\/\/soolateii.com\/fr\/wp-json\/wp\/v2\/comments?post=4646"}],"wp:featuredmedia":[{"embeddable":true,"href":"https:\/\/soolateii.com\/fr\/wp-json\/wp\/v2\/media\/4642"}],"wp:attachment":[{"href":"https:\/\/soolateii.com\/fr\/wp-json\/wp\/v2\/media?parent=4646"}],"wp:term":[{"taxonomy":"product_cat","embeddable":true,"href":"https:\/\/soolateii.com\/fr\/wp-json\/wp\/v2\/product_cat?post=4646"},{"taxonomy":"product_tag","embeddable":true,"href":"https:\/\/soolateii.com\/fr\/wp-json\/wp\/v2\/product_tag?post=4646"}],"curies":[{"name":"wp","href":"https:\/\/api.w.org\/{rel}","templated":true}]}}