{"id":4613,"date":"2025-01-12T14:01:34","date_gmt":"2025-01-12T14:01:34","guid":{"rendered":"https:\/\/soolateii.com\/?post_type=product&#038;p=4613"},"modified":"2025-01-14T14:15:27","modified_gmt":"2025-01-14T14:15:27","slug":"bridal-tiara-silver-color-zircon-wedding-crown-hair-accessories-women-bride-diadem-headdress-headband-party-headwear-jewelry","status":"publish","type":"product","link":"https:\/\/soolateii.com\/es\/producto\/bridal-tiara-silver-color-zircon-wedding-crown-hair-accessories-women-bride-diadem-headdress-headband-party-headwear-jewelry\/","title":{"rendered":"Tiara Nupcial Color Plata Circonio Corona de Boda Accesorios para el Cabello Mujeres Novia Diadema Tocado Diadema Fiesta Joyer\u00eda"},"content":{"rendered":"<p><img fetchpriority=\"high\" decoding=\"async\" class=\"aligncenter size-full wp-image-4614\" src=\"http:\/\/soolateii.com\/wp-content\/uploads\/2025\/01\/S82908fbcc7894537a7f873aeea548f21S.avif.jpg\" alt=\"\" width=\"1000\" height=\"1000\" srcset=\"https:\/\/soolateii.com\/wp-content\/uploads\/2025\/01\/S82908fbcc7894537a7f873aeea548f21S.avif.jpg 1000w, https:\/\/soolateii.com\/wp-content\/uploads\/2025\/01\/S82908fbcc7894537a7f873aeea548f21S.avif-300x300.jpg 300w, https:\/\/soolateii.com\/wp-content\/uploads\/2025\/01\/S82908fbcc7894537a7f873aeea548f21S.avif-150x150.jpg 150w, https:\/\/soolateii.com\/wp-content\/uploads\/2025\/01\/S82908fbcc7894537a7f873aeea548f21S.avif-768x768.jpg 768w, https:\/\/soolateii.com\/wp-content\/uploads\/2025\/01\/S82908fbcc7894537a7f873aeea548f21S.avif-12x12.jpg 12w, https:\/\/soolateii.com\/wp-content\/uploads\/2025\/01\/S82908fbcc7894537a7f873aeea548f21S.avif-370x370.jpg 370w, https:\/\/soolateii.com\/wp-content\/uploads\/2025\/01\/S82908fbcc7894537a7f873aeea548f21S.avif-600x600.jpg 600w, https:\/\/soolateii.com\/wp-content\/uploads\/2025\/01\/S82908fbcc7894537a7f873aeea548f21S.avif-100x100.jpg 100w, https:\/\/soolateii.com\/wp-content\/uploads\/2025\/01\/S82908fbcc7894537a7f873aeea548f21S.avif-50x50.jpg 50w, https:\/\/soolateii.com\/wp-content\/uploads\/2025\/01\/S82908fbcc7894537a7f873aeea548f21S.avif-40x40.jpg 40w\" sizes=\"(max-width: 1000px) 100vw, 1000px\" \/> <img decoding=\"async\" class=\"aligncenter size-full wp-image-4615 lazyload\" data-src=\"http:\/\/soolateii.com\/wp-content\/uploads\/2025\/01\/Se04ee190601b458295c760798215086eZ.avif.jpg\" alt=\"\" width=\"1000\" height=\"1000\" data-srcset=\"https:\/\/soolateii.com\/wp-content\/uploads\/2025\/01\/Se04ee190601b458295c760798215086eZ.avif.jpg 1000w, https:\/\/soolateii.com\/wp-content\/uploads\/2025\/01\/Se04ee190601b458295c760798215086eZ.avif-300x300.jpg 300w, https:\/\/soolateii.com\/wp-content\/uploads\/2025\/01\/Se04ee190601b458295c760798215086eZ.avif-150x150.jpg 150w, https:\/\/soolateii.com\/wp-content\/uploads\/2025\/01\/Se04ee190601b458295c760798215086eZ.avif-768x768.jpg 768w, https:\/\/soolateii.com\/wp-content\/uploads\/2025\/01\/Se04ee190601b458295c760798215086eZ.avif-12x12.jpg 12w, https:\/\/soolateii.com\/wp-content\/uploads\/2025\/01\/Se04ee190601b458295c760798215086eZ.avif-370x370.jpg 370w, https:\/\/soolateii.com\/wp-content\/uploads\/2025\/01\/Se04ee190601b458295c760798215086eZ.avif-600x600.jpg 600w, https:\/\/soolateii.com\/wp-content\/uploads\/2025\/01\/Se04ee190601b458295c760798215086eZ.avif-100x100.jpg 100w, https:\/\/soolateii.com\/wp-content\/uploads\/2025\/01\/Se04ee190601b458295c760798215086eZ.avif-50x50.jpg 50w, https:\/\/soolateii.com\/wp-content\/uploads\/2025\/01\/Se04ee190601b458295c760798215086eZ.avif-40x40.jpg 40w\" data-sizes=\"(max-width: 1000px) 100vw, 1000px\" src=\"data:image\/gif;base64,R0lGODlhAQABAAAAACH5BAEKAAEALAAAAAABAAEAAAICTAEAOw==\" style=\"--smush-placeholder-width: 1000px; --smush-placeholder-aspect-ratio: 1000\/1000;\" \/><noscript><img decoding=\"async\" class=\"aligncenter size-full wp-image-4615\" src=\"http:\/\/soolateii.com\/wp-content\/uploads\/2025\/01\/Se04ee190601b458295c760798215086eZ.avif.jpg\" alt=\"\" width=\"1000\" height=\"1000\" srcset=\"https:\/\/soolateii.com\/wp-content\/uploads\/2025\/01\/Se04ee190601b458295c760798215086eZ.avif.jpg 1000w, https:\/\/soolateii.com\/wp-content\/uploads\/2025\/01\/Se04ee190601b458295c760798215086eZ.avif-300x300.jpg 300w, https:\/\/soolateii.com\/wp-content\/uploads\/2025\/01\/Se04ee190601b458295c760798215086eZ.avif-150x150.jpg 150w, https:\/\/soolateii.com\/wp-content\/uploads\/2025\/01\/Se04ee190601b458295c760798215086eZ.avif-768x768.jpg 768w, https:\/\/soolateii.com\/wp-content\/uploads\/2025\/01\/Se04ee190601b458295c760798215086eZ.avif-12x12.jpg 12w, https:\/\/soolateii.com\/wp-content\/uploads\/2025\/01\/Se04ee190601b458295c760798215086eZ.avif-370x370.jpg 370w, https:\/\/soolateii.com\/wp-content\/uploads\/2025\/01\/Se04ee190601b458295c760798215086eZ.avif-600x600.jpg 600w, https:\/\/soolateii.com\/wp-content\/uploads\/2025\/01\/Se04ee190601b458295c760798215086eZ.avif-100x100.jpg 100w, https:\/\/soolateii.com\/wp-content\/uploads\/2025\/01\/Se04ee190601b458295c760798215086eZ.avif-50x50.jpg 50w, https:\/\/soolateii.com\/wp-content\/uploads\/2025\/01\/Se04ee190601b458295c760798215086eZ.avif-40x40.jpg 40w\" sizes=\"(max-width: 1000px) 100vw, 1000px\" \/><\/noscript> <img decoding=\"async\" class=\"aligncenter size-full wp-image-4616 lazyload\" data-src=\"http:\/\/soolateii.com\/wp-content\/uploads\/2025\/01\/Sf9de1abce0fa4684be9649469e82bbedK.avif.jpg\" alt=\"\" width=\"1000\" height=\"1000\" data-srcset=\"https:\/\/soolateii.com\/wp-content\/uploads\/2025\/01\/Sf9de1abce0fa4684be9649469e82bbedK.avif.jpg 1000w, https:\/\/soolateii.com\/wp-content\/uploads\/2025\/01\/Sf9de1abce0fa4684be9649469e82bbedK.avif-300x300.jpg 300w, https:\/\/soolateii.com\/wp-content\/uploads\/2025\/01\/Sf9de1abce0fa4684be9649469e82bbedK.avif-150x150.jpg 150w, https:\/\/soolateii.com\/wp-content\/uploads\/2025\/01\/Sf9de1abce0fa4684be9649469e82bbedK.avif-768x768.jpg 768w, https:\/\/soolateii.com\/wp-content\/uploads\/2025\/01\/Sf9de1abce0fa4684be9649469e82bbedK.avif-12x12.jpg 12w, https:\/\/soolateii.com\/wp-content\/uploads\/2025\/01\/Sf9de1abce0fa4684be9649469e82bbedK.avif-370x370.jpg 370w, https:\/\/soolateii.com\/wp-content\/uploads\/2025\/01\/Sf9de1abce0fa4684be9649469e82bbedK.avif-600x600.jpg 600w, https:\/\/soolateii.com\/wp-content\/uploads\/2025\/01\/Sf9de1abce0fa4684be9649469e82bbedK.avif-100x100.jpg 100w, https:\/\/soolateii.com\/wp-content\/uploads\/2025\/01\/Sf9de1abce0fa4684be9649469e82bbedK.avif-50x50.jpg 50w, https:\/\/soolateii.com\/wp-content\/uploads\/2025\/01\/Sf9de1abce0fa4684be9649469e82bbedK.avif-40x40.jpg 40w\" data-sizes=\"(max-width: 1000px) 100vw, 1000px\" src=\"data:image\/gif;base64,R0lGODlhAQABAAAAACH5BAEKAAEALAAAAAABAAEAAAICTAEAOw==\" style=\"--smush-placeholder-width: 1000px; --smush-placeholder-aspect-ratio: 1000\/1000;\" \/><noscript><img decoding=\"async\" class=\"aligncenter size-full wp-image-4616\" src=\"http:\/\/soolateii.com\/wp-content\/uploads\/2025\/01\/Sf9de1abce0fa4684be9649469e82bbedK.avif.jpg\" alt=\"\" width=\"1000\" height=\"1000\" srcset=\"https:\/\/soolateii.com\/wp-content\/uploads\/2025\/01\/Sf9de1abce0fa4684be9649469e82bbedK.avif.jpg 1000w, https:\/\/soolateii.com\/wp-content\/uploads\/2025\/01\/Sf9de1abce0fa4684be9649469e82bbedK.avif-300x300.jpg 300w, https:\/\/soolateii.com\/wp-content\/uploads\/2025\/01\/Sf9de1abce0fa4684be9649469e82bbedK.avif-150x150.jpg 150w, https:\/\/soolateii.com\/wp-content\/uploads\/2025\/01\/Sf9de1abce0fa4684be9649469e82bbedK.avif-768x768.jpg 768w, https:\/\/soolateii.com\/wp-content\/uploads\/2025\/01\/Sf9de1abce0fa4684be9649469e82bbedK.avif-12x12.jpg 12w, https:\/\/soolateii.com\/wp-content\/uploads\/2025\/01\/Sf9de1abce0fa4684be9649469e82bbedK.avif-370x370.jpg 370w, https:\/\/soolateii.com\/wp-content\/uploads\/2025\/01\/Sf9de1abce0fa4684be9649469e82bbedK.avif-600x600.jpg 600w, https:\/\/soolateii.com\/wp-content\/uploads\/2025\/01\/Sf9de1abce0fa4684be9649469e82bbedK.avif-100x100.jpg 100w, https:\/\/soolateii.com\/wp-content\/uploads\/2025\/01\/Sf9de1abce0fa4684be9649469e82bbedK.avif-50x50.jpg 50w, https:\/\/soolateii.com\/wp-content\/uploads\/2025\/01\/Sf9de1abce0fa4684be9649469e82bbedK.avif-40x40.jpg 40w\" sizes=\"(max-width: 1000px) 100vw, 1000px\" \/><\/noscript> <img loading=\"lazy\" decoding=\"async\" class=\"aligncenter size-full wp-image-4617 lazyload\" data-src=\"http:\/\/soolateii.com\/wp-content\/uploads\/2025\/01\/S1e9b2164285344589b94687df061cbb9m.avif.jpg\" alt=\"\" width=\"1000\" height=\"1000\" data-srcset=\"https:\/\/soolateii.com\/wp-content\/uploads\/2025\/01\/S1e9b2164285344589b94687df061cbb9m.avif.jpg 1000w, https:\/\/soolateii.com\/wp-content\/uploads\/2025\/01\/S1e9b2164285344589b94687df061cbb9m.avif-300x300.jpg 300w, https:\/\/soolateii.com\/wp-content\/uploads\/2025\/01\/S1e9b2164285344589b94687df061cbb9m.avif-150x150.jpg 150w, https:\/\/soolateii.com\/wp-content\/uploads\/2025\/01\/S1e9b2164285344589b94687df061cbb9m.avif-768x768.jpg 768w, https:\/\/soolateii.com\/wp-content\/uploads\/2025\/01\/S1e9b2164285344589b94687df061cbb9m.avif-12x12.jpg 12w, https:\/\/soolateii.com\/wp-content\/uploads\/2025\/01\/S1e9b2164285344589b94687df061cbb9m.avif-370x370.jpg 370w, https:\/\/soolateii.com\/wp-content\/uploads\/2025\/01\/S1e9b2164285344589b94687df061cbb9m.avif-600x600.jpg 600w, https:\/\/soolateii.com\/wp-content\/uploads\/2025\/01\/S1e9b2164285344589b94687df061cbb9m.avif-100x100.jpg 100w, https:\/\/soolateii.com\/wp-content\/uploads\/2025\/01\/S1e9b2164285344589b94687df061cbb9m.avif-50x50.jpg 50w, https:\/\/soolateii.com\/wp-content\/uploads\/2025\/01\/S1e9b2164285344589b94687df061cbb9m.avif-40x40.jpg 40w\" data-sizes=\"(max-width: 1000px) 100vw, 1000px\" src=\"data:image\/gif;base64,R0lGODlhAQABAAAAACH5BAEKAAEALAAAAAABAAEAAAICTAEAOw==\" style=\"--smush-placeholder-width: 1000px; --smush-placeholder-aspect-ratio: 1000\/1000;\" \/><noscript><img loading=\"lazy\" decoding=\"async\" class=\"aligncenter size-full wp-image-4617\" src=\"http:\/\/soolateii.com\/wp-content\/uploads\/2025\/01\/S1e9b2164285344589b94687df061cbb9m.avif.jpg\" alt=\"\" width=\"1000\" height=\"1000\" srcset=\"https:\/\/soolateii.com\/wp-content\/uploads\/2025\/01\/S1e9b2164285344589b94687df061cbb9m.avif.jpg 1000w, https:\/\/soolateii.com\/wp-content\/uploads\/2025\/01\/S1e9b2164285344589b94687df061cbb9m.avif-300x300.jpg 300w, https:\/\/soolateii.com\/wp-content\/uploads\/2025\/01\/S1e9b2164285344589b94687df061cbb9m.avif-150x150.jpg 150w, https:\/\/soolateii.com\/wp-content\/uploads\/2025\/01\/S1e9b2164285344589b94687df061cbb9m.avif-768x768.jpg 768w, https:\/\/soolateii.com\/wp-content\/uploads\/2025\/01\/S1e9b2164285344589b94687df061cbb9m.avif-12x12.jpg 12w, https:\/\/soolateii.com\/wp-content\/uploads\/2025\/01\/S1e9b2164285344589b94687df061cbb9m.avif-370x370.jpg 370w, https:\/\/soolateii.com\/wp-content\/uploads\/2025\/01\/S1e9b2164285344589b94687df061cbb9m.avif-600x600.jpg 600w, https:\/\/soolateii.com\/wp-content\/uploads\/2025\/01\/S1e9b2164285344589b94687df061cbb9m.avif-100x100.jpg 100w, https:\/\/soolateii.com\/wp-content\/uploads\/2025\/01\/S1e9b2164285344589b94687df061cbb9m.avif-50x50.jpg 50w, https:\/\/soolateii.com\/wp-content\/uploads\/2025\/01\/S1e9b2164285344589b94687df061cbb9m.avif-40x40.jpg 40w\" sizes=\"(max-width: 1000px) 100vw, 1000px\" \/><\/noscript> <img loading=\"lazy\" decoding=\"async\" class=\"aligncenter size-full wp-image-4618 lazyload\" data-src=\"http:\/\/soolateii.com\/wp-content\/uploads\/2025\/01\/S4f4dc1376f234c98a74a8642441c066bD.avif.jpg\" alt=\"\" width=\"1000\" height=\"1000\" data-srcset=\"https:\/\/soolateii.com\/wp-content\/uploads\/2025\/01\/S4f4dc1376f234c98a74a8642441c066bD.avif.jpg 1000w, https:\/\/soolateii.com\/wp-content\/uploads\/2025\/01\/S4f4dc1376f234c98a74a8642441c066bD.avif-300x300.jpg 300w, https:\/\/soolateii.com\/wp-content\/uploads\/2025\/01\/S4f4dc1376f234c98a74a8642441c066bD.avif-150x150.jpg 150w, https:\/\/soolateii.com\/wp-content\/uploads\/2025\/01\/S4f4dc1376f234c98a74a8642441c066bD.avif-768x768.jpg 768w, https:\/\/soolateii.com\/wp-content\/uploads\/2025\/01\/S4f4dc1376f234c98a74a8642441c066bD.avif-12x12.jpg 12w, https:\/\/soolateii.com\/wp-content\/uploads\/2025\/01\/S4f4dc1376f234c98a74a8642441c066bD.avif-370x370.jpg 370w, https:\/\/soolateii.com\/wp-content\/uploads\/2025\/01\/S4f4dc1376f234c98a74a8642441c066bD.avif-600x600.jpg 600w, https:\/\/soolateii.com\/wp-content\/uploads\/2025\/01\/S4f4dc1376f234c98a74a8642441c066bD.avif-100x100.jpg 100w, https:\/\/soolateii.com\/wp-content\/uploads\/2025\/01\/S4f4dc1376f234c98a74a8642441c066bD.avif-50x50.jpg 50w, https:\/\/soolateii.com\/wp-content\/uploads\/2025\/01\/S4f4dc1376f234c98a74a8642441c066bD.avif-40x40.jpg 40w\" data-sizes=\"(max-width: 1000px) 100vw, 1000px\" src=\"data:image\/gif;base64,R0lGODlhAQABAAAAACH5BAEKAAEALAAAAAABAAEAAAICTAEAOw==\" style=\"--smush-placeholder-width: 1000px; --smush-placeholder-aspect-ratio: 1000\/1000;\" \/><noscript><img loading=\"lazy\" decoding=\"async\" class=\"aligncenter size-full wp-image-4618\" src=\"http:\/\/soolateii.com\/wp-content\/uploads\/2025\/01\/S4f4dc1376f234c98a74a8642441c066bD.avif.jpg\" alt=\"\" width=\"1000\" height=\"1000\" srcset=\"https:\/\/soolateii.com\/wp-content\/uploads\/2025\/01\/S4f4dc1376f234c98a74a8642441c066bD.avif.jpg 1000w, https:\/\/soolateii.com\/wp-content\/uploads\/2025\/01\/S4f4dc1376f234c98a74a8642441c066bD.avif-300x300.jpg 300w, https:\/\/soolateii.com\/wp-content\/uploads\/2025\/01\/S4f4dc1376f234c98a74a8642441c066bD.avif-150x150.jpg 150w, https:\/\/soolateii.com\/wp-content\/uploads\/2025\/01\/S4f4dc1376f234c98a74a8642441c066bD.avif-768x768.jpg 768w, https:\/\/soolateii.com\/wp-content\/uploads\/2025\/01\/S4f4dc1376f234c98a74a8642441c066bD.avif-12x12.jpg 12w, https:\/\/soolateii.com\/wp-content\/uploads\/2025\/01\/S4f4dc1376f234c98a74a8642441c066bD.avif-370x370.jpg 370w, https:\/\/soolateii.com\/wp-content\/uploads\/2025\/01\/S4f4dc1376f234c98a74a8642441c066bD.avif-600x600.jpg 600w, https:\/\/soolateii.com\/wp-content\/uploads\/2025\/01\/S4f4dc1376f234c98a74a8642441c066bD.avif-100x100.jpg 100w, https:\/\/soolateii.com\/wp-content\/uploads\/2025\/01\/S4f4dc1376f234c98a74a8642441c066bD.avif-50x50.jpg 50w, https:\/\/soolateii.com\/wp-content\/uploads\/2025\/01\/S4f4dc1376f234c98a74a8642441c066bD.avif-40x40.jpg 40w\" sizes=\"(max-width: 1000px) 100vw, 1000px\" \/><\/noscript><\/p>","protected":false},"excerpt":{"rendered":"<p>Tama\u00f1o: di\u00e1metro unos 16,5CM, altura unos 6CM, peso unos 100g<\/p>\n<p>**Deslumbrante Tiara de Cristal para Reina - Una Obra Maestra de Elegancia**<\/p>\n<p>Esta tiara con engaste de corona est\u00e1 hecha de circonitas de grado AAA.P\u00f3ngase en el punto de mira con esta regia tiara de cristal, una radiante obra maestra dise\u00f1ada para reinas a las que les encanta brillar. Esta pieza desprende una sofisticaci\u00f3n inigualable con su dise\u00f1o de cristal en cascada que capta la luz desde todos los \u00e1ngulos, creando un brillo impresionante.<\/p>\n<p>**Caracter\u00edsticas<br \/>\n- Dise\u00f1o radiante**: Una fascinante cascada de cristales de alta calidad dispuestos en un impresionante patr\u00f3n sim\u00e9trico.<br \/>\n- Artesan\u00eda superior**: Hecho a mano con meticulosa atenci\u00f3n al detalle utilizando materiales de primera calidad.<br \/>\n- Comodidad**: Ligeras y seguras, garantizan comodidad y elegancia durante todo el d\u00eda.<br \/>\n- Perfecto para cualquier evento: Ideal para bodas, galas, desfiles o cualquier ocasi\u00f3n en la que quieras deslumbrar.<\/p>\n<p>Esta tiara es m\u00e1s que un accesorio: es una declaraci\u00f3n de gracia y grandeza. Eleva tu look y crea recuerdos inolvidables con esta exquisita corona.<\/p>\n<p>**Brilla como la realeza. Pide el tuyo hoy.<\/p>","protected":false},"featured_media":4614,"comment_status":"open","ping_status":"closed","template":"","meta":[],"product_cat":[15,224],"product_tag":[210],"class_list":{"0":"post-4613","1":"product","2":"type-product","3":"status-publish","4":"has-post-thumbnail","6":"product_brand-soolateii","7":"product_cat-uncategorized","8":"product_cat-crown","9":"product_tag-crown","11":"first","12":"instock","13":"sale","14":"taxable","15":"shipping-taxable","16":"purchasable","17":"product-type-simple","18":"col-xs-6 col-sm-4","19":"col-md-3 col-lg-3","20":"un-4-cols"},"_links":{"self":[{"href":"https:\/\/soolateii.com\/es\/wp-json\/wp\/v2\/product\/4613","targetHints":{"allow":["GET"]}}],"collection":[{"href":"https:\/\/soolateii.com\/es\/wp-json\/wp\/v2\/product"}],"about":[{"href":"https:\/\/soolateii.com\/es\/wp-json\/wp\/v2\/types\/product"}],"replies":[{"embeddable":true,"href":"https:\/\/soolateii.com\/es\/wp-json\/wp\/v2\/comments?post=4613"}],"wp:featuredmedia":[{"embeddable":true,"href":"https:\/\/soolateii.com\/es\/wp-json\/wp\/v2\/media\/4614"}],"wp:attachment":[{"href":"https:\/\/soolateii.com\/es\/wp-json\/wp\/v2\/media?parent=4613"}],"wp:term":[{"taxonomy":"product_cat","embeddable":true,"href":"https:\/\/soolateii.com\/es\/wp-json\/wp\/v2\/product_cat?post=4613"},{"taxonomy":"product_tag","embeddable":true,"href":"https:\/\/soolateii.com\/es\/wp-json\/wp\/v2\/product_tag?post=4613"}],"curies":[{"name":"wp","href":"https:\/\/api.w.org\/{rel}","templated":true}]}}