{"id":4599,"date":"2025-01-11T15:57:37","date_gmt":"2025-01-11T15:57:37","guid":{"rendered":"https:\/\/soolateii.com\/?post_type=product&#038;p=4599"},"modified":"2025-01-14T14:15:28","modified_gmt":"2025-01-14T14:15:28","slug":"luxury-bridal-wedding-crystal-tiaras-crowns-earrings-set-rhinestone-flower-women-diadem-crown-hair-accessories-jewelry-headband","status":"publish","type":"product","link":"https:\/\/soolateii.com\/es\/producto\/luxury-bridal-wedding-crystal-tiaras-crowns-earrings-set-rhinestone-flower-women-diadem-crown-hair-accessories-jewelry-headband\/","title":{"rendered":"Lujo Boda Cristal Tiaras Coronas Pendientes Conjunto Rhinestone Flor Mujeres Diadema Corona Accesorios para el cabello Joyer\u00eda Diadema"},"content":{"rendered":"<p><img fetchpriority=\"high\" decoding=\"async\" class=\"aligncenter size-full wp-image-4601\" src=\"http:\/\/soolateii.com\/wp-content\/uploads\/2025\/01\/Sa9e451318f42402584a55fc94b3b1342e.avif.jpg\" alt=\"\" width=\"1000\" height=\"1000\" srcset=\"https:\/\/soolateii.com\/wp-content\/uploads\/2025\/01\/Sa9e451318f42402584a55fc94b3b1342e.avif.jpg 1000w, https:\/\/soolateii.com\/wp-content\/uploads\/2025\/01\/Sa9e451318f42402584a55fc94b3b1342e.avif-300x300.jpg 300w, https:\/\/soolateii.com\/wp-content\/uploads\/2025\/01\/Sa9e451318f42402584a55fc94b3b1342e.avif-150x150.jpg 150w, https:\/\/soolateii.com\/wp-content\/uploads\/2025\/01\/Sa9e451318f42402584a55fc94b3b1342e.avif-768x768.jpg 768w, https:\/\/soolateii.com\/wp-content\/uploads\/2025\/01\/Sa9e451318f42402584a55fc94b3b1342e.avif-12x12.jpg 12w, https:\/\/soolateii.com\/wp-content\/uploads\/2025\/01\/Sa9e451318f42402584a55fc94b3b1342e.avif-370x370.jpg 370w, https:\/\/soolateii.com\/wp-content\/uploads\/2025\/01\/Sa9e451318f42402584a55fc94b3b1342e.avif-600x600.jpg 600w, https:\/\/soolateii.com\/wp-content\/uploads\/2025\/01\/Sa9e451318f42402584a55fc94b3b1342e.avif-100x100.jpg 100w, https:\/\/soolateii.com\/wp-content\/uploads\/2025\/01\/Sa9e451318f42402584a55fc94b3b1342e.avif-50x50.jpg 50w, https:\/\/soolateii.com\/wp-content\/uploads\/2025\/01\/Sa9e451318f42402584a55fc94b3b1342e.avif-40x40.jpg 40w\" sizes=\"(max-width: 1000px) 100vw, 1000px\" \/> <img decoding=\"async\" class=\"aligncenter size-full wp-image-4602 lazyload\" data-src=\"http:\/\/soolateii.com\/wp-content\/uploads\/2025\/01\/Sd013d704dd994557a6cb3c3847c97053f.avif.jpg\" alt=\"\" width=\"1000\" height=\"1000\" data-srcset=\"https:\/\/soolateii.com\/wp-content\/uploads\/2025\/01\/Sd013d704dd994557a6cb3c3847c97053f.avif.jpg 1000w, https:\/\/soolateii.com\/wp-content\/uploads\/2025\/01\/Sd013d704dd994557a6cb3c3847c97053f.avif-300x300.jpg 300w, https:\/\/soolateii.com\/wp-content\/uploads\/2025\/01\/Sd013d704dd994557a6cb3c3847c97053f.avif-150x150.jpg 150w, https:\/\/soolateii.com\/wp-content\/uploads\/2025\/01\/Sd013d704dd994557a6cb3c3847c97053f.avif-768x768.jpg 768w, https:\/\/soolateii.com\/wp-content\/uploads\/2025\/01\/Sd013d704dd994557a6cb3c3847c97053f.avif-12x12.jpg 12w, https:\/\/soolateii.com\/wp-content\/uploads\/2025\/01\/Sd013d704dd994557a6cb3c3847c97053f.avif-370x370.jpg 370w, https:\/\/soolateii.com\/wp-content\/uploads\/2025\/01\/Sd013d704dd994557a6cb3c3847c97053f.avif-600x600.jpg 600w, https:\/\/soolateii.com\/wp-content\/uploads\/2025\/01\/Sd013d704dd994557a6cb3c3847c97053f.avif-100x100.jpg 100w, https:\/\/soolateii.com\/wp-content\/uploads\/2025\/01\/Sd013d704dd994557a6cb3c3847c97053f.avif-50x50.jpg 50w, https:\/\/soolateii.com\/wp-content\/uploads\/2025\/01\/Sd013d704dd994557a6cb3c3847c97053f.avif-40x40.jpg 40w\" data-sizes=\"(max-width: 1000px) 100vw, 1000px\" src=\"data:image\/gif;base64,R0lGODlhAQABAAAAACH5BAEKAAEALAAAAAABAAEAAAICTAEAOw==\" style=\"--smush-placeholder-width: 1000px; --smush-placeholder-aspect-ratio: 1000\/1000;\" \/><noscript><img decoding=\"async\" class=\"aligncenter size-full wp-image-4602\" src=\"http:\/\/soolateii.com\/wp-content\/uploads\/2025\/01\/Sd013d704dd994557a6cb3c3847c97053f.avif.jpg\" alt=\"\" width=\"1000\" height=\"1000\" srcset=\"https:\/\/soolateii.com\/wp-content\/uploads\/2025\/01\/Sd013d704dd994557a6cb3c3847c97053f.avif.jpg 1000w, https:\/\/soolateii.com\/wp-content\/uploads\/2025\/01\/Sd013d704dd994557a6cb3c3847c97053f.avif-300x300.jpg 300w, https:\/\/soolateii.com\/wp-content\/uploads\/2025\/01\/Sd013d704dd994557a6cb3c3847c97053f.avif-150x150.jpg 150w, https:\/\/soolateii.com\/wp-content\/uploads\/2025\/01\/Sd013d704dd994557a6cb3c3847c97053f.avif-768x768.jpg 768w, https:\/\/soolateii.com\/wp-content\/uploads\/2025\/01\/Sd013d704dd994557a6cb3c3847c97053f.avif-12x12.jpg 12w, https:\/\/soolateii.com\/wp-content\/uploads\/2025\/01\/Sd013d704dd994557a6cb3c3847c97053f.avif-370x370.jpg 370w, https:\/\/soolateii.com\/wp-content\/uploads\/2025\/01\/Sd013d704dd994557a6cb3c3847c97053f.avif-600x600.jpg 600w, https:\/\/soolateii.com\/wp-content\/uploads\/2025\/01\/Sd013d704dd994557a6cb3c3847c97053f.avif-100x100.jpg 100w, https:\/\/soolateii.com\/wp-content\/uploads\/2025\/01\/Sd013d704dd994557a6cb3c3847c97053f.avif-50x50.jpg 50w, https:\/\/soolateii.com\/wp-content\/uploads\/2025\/01\/Sd013d704dd994557a6cb3c3847c97053f.avif-40x40.jpg 40w\" sizes=\"(max-width: 1000px) 100vw, 1000px\" \/><\/noscript> <img decoding=\"async\" class=\"aligncenter size-full wp-image-4603 lazyload\" data-src=\"http:\/\/soolateii.com\/wp-content\/uploads\/2025\/01\/Sde8aa9002807408299ad89511036c00bF.avif.jpg\" alt=\"\" width=\"1000\" height=\"1000\" data-srcset=\"https:\/\/soolateii.com\/wp-content\/uploads\/2025\/01\/Sde8aa9002807408299ad89511036c00bF.avif.jpg 1000w, https:\/\/soolateii.com\/wp-content\/uploads\/2025\/01\/Sde8aa9002807408299ad89511036c00bF.avif-300x300.jpg 300w, https:\/\/soolateii.com\/wp-content\/uploads\/2025\/01\/Sde8aa9002807408299ad89511036c00bF.avif-150x150.jpg 150w, https:\/\/soolateii.com\/wp-content\/uploads\/2025\/01\/Sde8aa9002807408299ad89511036c00bF.avif-768x768.jpg 768w, https:\/\/soolateii.com\/wp-content\/uploads\/2025\/01\/Sde8aa9002807408299ad89511036c00bF.avif-12x12.jpg 12w, https:\/\/soolateii.com\/wp-content\/uploads\/2025\/01\/Sde8aa9002807408299ad89511036c00bF.avif-370x370.jpg 370w, https:\/\/soolateii.com\/wp-content\/uploads\/2025\/01\/Sde8aa9002807408299ad89511036c00bF.avif-600x600.jpg 600w, https:\/\/soolateii.com\/wp-content\/uploads\/2025\/01\/Sde8aa9002807408299ad89511036c00bF.avif-100x100.jpg 100w, https:\/\/soolateii.com\/wp-content\/uploads\/2025\/01\/Sde8aa9002807408299ad89511036c00bF.avif-50x50.jpg 50w, https:\/\/soolateii.com\/wp-content\/uploads\/2025\/01\/Sde8aa9002807408299ad89511036c00bF.avif-40x40.jpg 40w\" data-sizes=\"(max-width: 1000px) 100vw, 1000px\" src=\"data:image\/gif;base64,R0lGODlhAQABAAAAACH5BAEKAAEALAAAAAABAAEAAAICTAEAOw==\" style=\"--smush-placeholder-width: 1000px; --smush-placeholder-aspect-ratio: 1000\/1000;\" \/><noscript><img decoding=\"async\" class=\"aligncenter size-full wp-image-4603\" src=\"http:\/\/soolateii.com\/wp-content\/uploads\/2025\/01\/Sde8aa9002807408299ad89511036c00bF.avif.jpg\" alt=\"\" width=\"1000\" height=\"1000\" srcset=\"https:\/\/soolateii.com\/wp-content\/uploads\/2025\/01\/Sde8aa9002807408299ad89511036c00bF.avif.jpg 1000w, https:\/\/soolateii.com\/wp-content\/uploads\/2025\/01\/Sde8aa9002807408299ad89511036c00bF.avif-300x300.jpg 300w, https:\/\/soolateii.com\/wp-content\/uploads\/2025\/01\/Sde8aa9002807408299ad89511036c00bF.avif-150x150.jpg 150w, https:\/\/soolateii.com\/wp-content\/uploads\/2025\/01\/Sde8aa9002807408299ad89511036c00bF.avif-768x768.jpg 768w, https:\/\/soolateii.com\/wp-content\/uploads\/2025\/01\/Sde8aa9002807408299ad89511036c00bF.avif-12x12.jpg 12w, https:\/\/soolateii.com\/wp-content\/uploads\/2025\/01\/Sde8aa9002807408299ad89511036c00bF.avif-370x370.jpg 370w, https:\/\/soolateii.com\/wp-content\/uploads\/2025\/01\/Sde8aa9002807408299ad89511036c00bF.avif-600x600.jpg 600w, https:\/\/soolateii.com\/wp-content\/uploads\/2025\/01\/Sde8aa9002807408299ad89511036c00bF.avif-100x100.jpg 100w, https:\/\/soolateii.com\/wp-content\/uploads\/2025\/01\/Sde8aa9002807408299ad89511036c00bF.avif-50x50.jpg 50w, https:\/\/soolateii.com\/wp-content\/uploads\/2025\/01\/Sde8aa9002807408299ad89511036c00bF.avif-40x40.jpg 40w\" sizes=\"(max-width: 1000px) 100vw, 1000px\" \/><\/noscript> <img loading=\"lazy\" decoding=\"async\" class=\"aligncenter size-full wp-image-4604 lazyload\" data-src=\"http:\/\/soolateii.com\/wp-content\/uploads\/2025\/01\/Sfa870ec5ad77452d8e35c607289fe636P.avif.jpg\" alt=\"\" width=\"1000\" height=\"1000\" data-srcset=\"https:\/\/soolateii.com\/wp-content\/uploads\/2025\/01\/Sfa870ec5ad77452d8e35c607289fe636P.avif.jpg 1000w, https:\/\/soolateii.com\/wp-content\/uploads\/2025\/01\/Sfa870ec5ad77452d8e35c607289fe636P.avif-300x300.jpg 300w, https:\/\/soolateii.com\/wp-content\/uploads\/2025\/01\/Sfa870ec5ad77452d8e35c607289fe636P.avif-150x150.jpg 150w, https:\/\/soolateii.com\/wp-content\/uploads\/2025\/01\/Sfa870ec5ad77452d8e35c607289fe636P.avif-768x768.jpg 768w, https:\/\/soolateii.com\/wp-content\/uploads\/2025\/01\/Sfa870ec5ad77452d8e35c607289fe636P.avif-12x12.jpg 12w, https:\/\/soolateii.com\/wp-content\/uploads\/2025\/01\/Sfa870ec5ad77452d8e35c607289fe636P.avif-370x370.jpg 370w, https:\/\/soolateii.com\/wp-content\/uploads\/2025\/01\/Sfa870ec5ad77452d8e35c607289fe636P.avif-600x600.jpg 600w, https:\/\/soolateii.com\/wp-content\/uploads\/2025\/01\/Sfa870ec5ad77452d8e35c607289fe636P.avif-100x100.jpg 100w, https:\/\/soolateii.com\/wp-content\/uploads\/2025\/01\/Sfa870ec5ad77452d8e35c607289fe636P.avif-50x50.jpg 50w, https:\/\/soolateii.com\/wp-content\/uploads\/2025\/01\/Sfa870ec5ad77452d8e35c607289fe636P.avif-40x40.jpg 40w\" data-sizes=\"(max-width: 1000px) 100vw, 1000px\" src=\"data:image\/gif;base64,R0lGODlhAQABAAAAACH5BAEKAAEALAAAAAABAAEAAAICTAEAOw==\" style=\"--smush-placeholder-width: 1000px; --smush-placeholder-aspect-ratio: 1000\/1000;\" \/><noscript><img loading=\"lazy\" decoding=\"async\" class=\"aligncenter size-full wp-image-4604\" src=\"http:\/\/soolateii.com\/wp-content\/uploads\/2025\/01\/Sfa870ec5ad77452d8e35c607289fe636P.avif.jpg\" alt=\"\" width=\"1000\" height=\"1000\" srcset=\"https:\/\/soolateii.com\/wp-content\/uploads\/2025\/01\/Sfa870ec5ad77452d8e35c607289fe636P.avif.jpg 1000w, https:\/\/soolateii.com\/wp-content\/uploads\/2025\/01\/Sfa870ec5ad77452d8e35c607289fe636P.avif-300x300.jpg 300w, https:\/\/soolateii.com\/wp-content\/uploads\/2025\/01\/Sfa870ec5ad77452d8e35c607289fe636P.avif-150x150.jpg 150w, https:\/\/soolateii.com\/wp-content\/uploads\/2025\/01\/Sfa870ec5ad77452d8e35c607289fe636P.avif-768x768.jpg 768w, https:\/\/soolateii.com\/wp-content\/uploads\/2025\/01\/Sfa870ec5ad77452d8e35c607289fe636P.avif-12x12.jpg 12w, https:\/\/soolateii.com\/wp-content\/uploads\/2025\/01\/Sfa870ec5ad77452d8e35c607289fe636P.avif-370x370.jpg 370w, https:\/\/soolateii.com\/wp-content\/uploads\/2025\/01\/Sfa870ec5ad77452d8e35c607289fe636P.avif-600x600.jpg 600w, https:\/\/soolateii.com\/wp-content\/uploads\/2025\/01\/Sfa870ec5ad77452d8e35c607289fe636P.avif-100x100.jpg 100w, https:\/\/soolateii.com\/wp-content\/uploads\/2025\/01\/Sfa870ec5ad77452d8e35c607289fe636P.avif-50x50.jpg 50w, https:\/\/soolateii.com\/wp-content\/uploads\/2025\/01\/Sfa870ec5ad77452d8e35c607289fe636P.avif-40x40.jpg 40w\" sizes=\"(max-width: 1000px) 100vw, 1000px\" \/><\/noscript> <img loading=\"lazy\" decoding=\"async\" class=\"aligncenter size-full wp-image-4605 lazyload\" data-src=\"http:\/\/soolateii.com\/wp-content\/uploads\/2025\/01\/S18dabc914e1640429e24f8c58903bf1bn.avif.jpg\" alt=\"\" width=\"1000\" height=\"1000\" data-srcset=\"https:\/\/soolateii.com\/wp-content\/uploads\/2025\/01\/S18dabc914e1640429e24f8c58903bf1bn.avif.jpg 1000w, https:\/\/soolateii.com\/wp-content\/uploads\/2025\/01\/S18dabc914e1640429e24f8c58903bf1bn.avif-300x300.jpg 300w, https:\/\/soolateii.com\/wp-content\/uploads\/2025\/01\/S18dabc914e1640429e24f8c58903bf1bn.avif-150x150.jpg 150w, https:\/\/soolateii.com\/wp-content\/uploads\/2025\/01\/S18dabc914e1640429e24f8c58903bf1bn.avif-768x768.jpg 768w, https:\/\/soolateii.com\/wp-content\/uploads\/2025\/01\/S18dabc914e1640429e24f8c58903bf1bn.avif-12x12.jpg 12w, https:\/\/soolateii.com\/wp-content\/uploads\/2025\/01\/S18dabc914e1640429e24f8c58903bf1bn.avif-370x370.jpg 370w, https:\/\/soolateii.com\/wp-content\/uploads\/2025\/01\/S18dabc914e1640429e24f8c58903bf1bn.avif-600x600.jpg 600w, https:\/\/soolateii.com\/wp-content\/uploads\/2025\/01\/S18dabc914e1640429e24f8c58903bf1bn.avif-100x100.jpg 100w, https:\/\/soolateii.com\/wp-content\/uploads\/2025\/01\/S18dabc914e1640429e24f8c58903bf1bn.avif-50x50.jpg 50w, https:\/\/soolateii.com\/wp-content\/uploads\/2025\/01\/S18dabc914e1640429e24f8c58903bf1bn.avif-40x40.jpg 40w\" data-sizes=\"(max-width: 1000px) 100vw, 1000px\" src=\"data:image\/gif;base64,R0lGODlhAQABAAAAACH5BAEKAAEALAAAAAABAAEAAAICTAEAOw==\" style=\"--smush-placeholder-width: 1000px; --smush-placeholder-aspect-ratio: 1000\/1000;\" \/><noscript><img loading=\"lazy\" decoding=\"async\" class=\"aligncenter size-full wp-image-4605\" src=\"http:\/\/soolateii.com\/wp-content\/uploads\/2025\/01\/S18dabc914e1640429e24f8c58903bf1bn.avif.jpg\" alt=\"\" width=\"1000\" height=\"1000\" srcset=\"https:\/\/soolateii.com\/wp-content\/uploads\/2025\/01\/S18dabc914e1640429e24f8c58903bf1bn.avif.jpg 1000w, https:\/\/soolateii.com\/wp-content\/uploads\/2025\/01\/S18dabc914e1640429e24f8c58903bf1bn.avif-300x300.jpg 300w, https:\/\/soolateii.com\/wp-content\/uploads\/2025\/01\/S18dabc914e1640429e24f8c58903bf1bn.avif-150x150.jpg 150w, https:\/\/soolateii.com\/wp-content\/uploads\/2025\/01\/S18dabc914e1640429e24f8c58903bf1bn.avif-768x768.jpg 768w, https:\/\/soolateii.com\/wp-content\/uploads\/2025\/01\/S18dabc914e1640429e24f8c58903bf1bn.avif-12x12.jpg 12w, https:\/\/soolateii.com\/wp-content\/uploads\/2025\/01\/S18dabc914e1640429e24f8c58903bf1bn.avif-370x370.jpg 370w, https:\/\/soolateii.com\/wp-content\/uploads\/2025\/01\/S18dabc914e1640429e24f8c58903bf1bn.avif-600x600.jpg 600w, https:\/\/soolateii.com\/wp-content\/uploads\/2025\/01\/S18dabc914e1640429e24f8c58903bf1bn.avif-100x100.jpg 100w, https:\/\/soolateii.com\/wp-content\/uploads\/2025\/01\/S18dabc914e1640429e24f8c58903bf1bn.avif-50x50.jpg 50w, https:\/\/soolateii.com\/wp-content\/uploads\/2025\/01\/S18dabc914e1640429e24f8c58903bf1bn.avif-40x40.jpg 40w\" sizes=\"(max-width: 1000px) 100vw, 1000px\" \/><\/noscript><img loading=\"lazy\" decoding=\"async\" class=\"aligncenter size-full wp-image-4600 lazyload\" data-src=\"http:\/\/soolateii.com\/wp-content\/uploads\/2025\/01\/S660824dd96454d829beceaefbab9fe332.avif.jpg\" alt=\"\" width=\"1000\" height=\"1000\" data-srcset=\"https:\/\/soolateii.com\/wp-content\/uploads\/2025\/01\/S660824dd96454d829beceaefbab9fe332.avif.jpg 1000w, https:\/\/soolateii.com\/wp-content\/uploads\/2025\/01\/S660824dd96454d829beceaefbab9fe332.avif-300x300.jpg 300w, https:\/\/soolateii.com\/wp-content\/uploads\/2025\/01\/S660824dd96454d829beceaefbab9fe332.avif-150x150.jpg 150w, https:\/\/soolateii.com\/wp-content\/uploads\/2025\/01\/S660824dd96454d829beceaefbab9fe332.avif-768x768.jpg 768w, https:\/\/soolateii.com\/wp-content\/uploads\/2025\/01\/S660824dd96454d829beceaefbab9fe332.avif-12x12.jpg 12w, https:\/\/soolateii.com\/wp-content\/uploads\/2025\/01\/S660824dd96454d829beceaefbab9fe332.avif-370x370.jpg 370w, https:\/\/soolateii.com\/wp-content\/uploads\/2025\/01\/S660824dd96454d829beceaefbab9fe332.avif-600x600.jpg 600w, https:\/\/soolateii.com\/wp-content\/uploads\/2025\/01\/S660824dd96454d829beceaefbab9fe332.avif-100x100.jpg 100w, https:\/\/soolateii.com\/wp-content\/uploads\/2025\/01\/S660824dd96454d829beceaefbab9fe332.avif-50x50.jpg 50w, https:\/\/soolateii.com\/wp-content\/uploads\/2025\/01\/S660824dd96454d829beceaefbab9fe332.avif-40x40.jpg 40w\" data-sizes=\"(max-width: 1000px) 100vw, 1000px\" src=\"data:image\/gif;base64,R0lGODlhAQABAAAAACH5BAEKAAEALAAAAAABAAEAAAICTAEAOw==\" style=\"--smush-placeholder-width: 1000px; --smush-placeholder-aspect-ratio: 1000\/1000;\" \/><noscript><img loading=\"lazy\" decoding=\"async\" class=\"aligncenter size-full wp-image-4600\" src=\"http:\/\/soolateii.com\/wp-content\/uploads\/2025\/01\/S660824dd96454d829beceaefbab9fe332.avif.jpg\" alt=\"\" width=\"1000\" height=\"1000\" srcset=\"https:\/\/soolateii.com\/wp-content\/uploads\/2025\/01\/S660824dd96454d829beceaefbab9fe332.avif.jpg 1000w, https:\/\/soolateii.com\/wp-content\/uploads\/2025\/01\/S660824dd96454d829beceaefbab9fe332.avif-300x300.jpg 300w, https:\/\/soolateii.com\/wp-content\/uploads\/2025\/01\/S660824dd96454d829beceaefbab9fe332.avif-150x150.jpg 150w, https:\/\/soolateii.com\/wp-content\/uploads\/2025\/01\/S660824dd96454d829beceaefbab9fe332.avif-768x768.jpg 768w, https:\/\/soolateii.com\/wp-content\/uploads\/2025\/01\/S660824dd96454d829beceaefbab9fe332.avif-12x12.jpg 12w, https:\/\/soolateii.com\/wp-content\/uploads\/2025\/01\/S660824dd96454d829beceaefbab9fe332.avif-370x370.jpg 370w, https:\/\/soolateii.com\/wp-content\/uploads\/2025\/01\/S660824dd96454d829beceaefbab9fe332.avif-600x600.jpg 600w, https:\/\/soolateii.com\/wp-content\/uploads\/2025\/01\/S660824dd96454d829beceaefbab9fe332.avif-100x100.jpg 100w, https:\/\/soolateii.com\/wp-content\/uploads\/2025\/01\/S660824dd96454d829beceaefbab9fe332.avif-50x50.jpg 50w, https:\/\/soolateii.com\/wp-content\/uploads\/2025\/01\/S660824dd96454d829beceaefbab9fe332.avif-40x40.jpg 40w\" sizes=\"(max-width: 1000px) 100vw, 1000px\" \/><\/noscript><\/p>","protected":false},"excerpt":{"rendered":"<p>Tama\u00f1o de la corona: di\u00e1metro aprox. 15CM, altura aprox. 8,5CM, peso aprox. 200g<\/p>\n<p>Este tocado de novia presenta un impresionante conjunto de brillantes elementos florales, elaborados con relucientes texturas plateadas y acentuados con perlas y cristales iridiscentes. Las delicadas flores en forma de encaje irradian elegancia y sofisticaci\u00f3n, mientras que la combinaci\u00f3n de detalles brillantes a\u00f1ade un toque lujoso y et\u00e9reo. Perfecto para realzar un look de novia rom\u00e1ntico, este accesorio encarna la gracia y el refinamiento.<\/p>","protected":false},"featured_media":4602,"comment_status":"open","ping_status":"closed","template":"","meta":[],"product_cat":[15,224],"product_tag":[210],"class_list":{"0":"post-4599","1":"product","2":"type-product","3":"status-publish","4":"has-post-thumbnail","6":"product_brand-soolateii","7":"product_cat-uncategorized","8":"product_cat-crown","9":"product_tag-crown","11":"first","12":"instock","13":"sale","14":"taxable","15":"shipping-taxable","16":"purchasable","17":"product-type-simple","18":"col-xs-6 col-sm-4","19":"col-md-3 col-lg-3","20":"un-4-cols"},"_links":{"self":[{"href":"https:\/\/soolateii.com\/es\/wp-json\/wp\/v2\/product\/4599","targetHints":{"allow":["GET"]}}],"collection":[{"href":"https:\/\/soolateii.com\/es\/wp-json\/wp\/v2\/product"}],"about":[{"href":"https:\/\/soolateii.com\/es\/wp-json\/wp\/v2\/types\/product"}],"replies":[{"embeddable":true,"href":"https:\/\/soolateii.com\/es\/wp-json\/wp\/v2\/comments?post=4599"}],"wp:featuredmedia":[{"embeddable":true,"href":"https:\/\/soolateii.com\/es\/wp-json\/wp\/v2\/media\/4602"}],"wp:attachment":[{"href":"https:\/\/soolateii.com\/es\/wp-json\/wp\/v2\/media?parent=4599"}],"wp:term":[{"taxonomy":"product_cat","embeddable":true,"href":"https:\/\/soolateii.com\/es\/wp-json\/wp\/v2\/product_cat?post=4599"},{"taxonomy":"product_tag","embeddable":true,"href":"https:\/\/soolateii.com\/es\/wp-json\/wp\/v2\/product_tag?post=4599"}],"curies":[{"name":"wp","href":"https:\/\/api.w.org\/{rel}","templated":true}]}}